{"id":40,"date":"2025-11-20T07:45:20","date_gmt":"2025-11-20T07:45:20","guid":{"rendered":"https:\/\/wp3.mystudentblog.com\/?page_id=40"},"modified":"2026-01-15T10:02:04","modified_gmt":"2026-01-15T10:02:04","slug":"activites-2","status":"publish","type":"page","link":"https:\/\/wp3.mystudentblog.com\/?page_id=40","title":{"rendered":"Activit\u00e9s"},"content":{"rendered":"\t\t<div data-elementor-type=\"wp-page\" data-elementor-id=\"40\" class=\"elementor elementor-40\">\n\t\t\t\t<div class=\"elementor-element elementor-element-7e17ceb e-flex e-con-boxed e-con e-parent\" data-id=\"7e17ceb\" data-element_type=\"container\">\n\t\t\t\t\t<div class=\"e-con-inner\">\n\t\t\t\t<div class=\"elementor-element elementor-element-be81656 elementor-widget elementor-widget-heading\" data-id=\"be81656\" data-element_type=\"widget\" data-widget_type=\"heading.default\">\n\t\t\t\t\t<h2 class=\"elementor-heading-title elementor-size-default\">Culture et Patrimoine<\/h2>\t\t\t\t<\/div>\n\t\t\t\t\t<\/div>\n\t\t\t\t<\/div>\n\t\t<div class=\"elementor-element elementor-element-6dc1407 e-grid e-con-boxed e-con e-parent\" data-id=\"6dc1407\" data-element_type=\"container\">\n\t\t\t\t\t<div class=\"e-con-inner\">\n\t\t\t\t<div class=\"elementor-element elementor-element-d2a0778 elementor-widget elementor-widget-image\" data-id=\"d2a0778\" data-element_type=\"widget\" data-widget_type=\"image.default\">\n\t\t\t\t\t\t\t\t\t\t\t\t\t\t\t<img fetchpriority=\"high\" decoding=\"async\" width=\"300\" height=\"300\" src=\"https:\/\/wp3.mystudentblog.com\/wp-content\/uploads\/2026\/01\/a21_profil-300x300.jpg\" class=\"attachment-medium size-medium wp-image-137\" alt=\"\" srcset=\"https:\/\/wp3.mystudentblog.com\/wp-content\/uploads\/2026\/01\/a21_profil-300x300.jpg 300w, https:\/\/wp3.mystudentblog.com\/wp-content\/uploads\/2026\/01\/a21_profil-150x150.jpg 150w, https:\/\/wp3.mystudentblog.com\/wp-content\/uploads\/2026\/01\/a21_profil.jpg 370w\" sizes=\"(max-width: 300px) 100vw, 300px\" \/>\t\t\t\t\t\t\t\t\t\t\t\t\t\t\t<\/div>\n\t\t\t\t<div class=\"elementor-element elementor-element-60936b2 elementor-widget elementor-widget-text-editor\" data-id=\"60936b2\" data-element_type=\"widget\" data-widget_type=\"text-editor.default\">\n\t\t\t\t\t\t\t\t\t<p><strong>Mus\u00e9e de Pr\u00e9histoire de Tautavel<\/strong><\/p><p>Au mus\u00e9e de Tautavel, remontez le temps sur les traces de nos origines.<br data-start=\"71\" data-end=\"74\" \/>D\u00e9couvrez le cr\u00e2ne de l\u2019Homme de Tautavel (Arago 21), t\u00e9moin fascinant de la Pr\u00e9histoire.<\/p>\t\t\t\t\t\t\t\t<\/div>\n\t\t\t\t\t<\/div>\n\t\t\t\t<\/div>\n\t\t<div class=\"elementor-element elementor-element-510b3f1 e-flex e-con-boxed e-con e-parent\" data-id=\"510b3f1\" data-element_type=\"container\">\n\t\t\t\t\t<div class=\"e-con-inner\">\n\t\t<div class=\"elementor-element elementor-element-826ce5b e-con-full e-flex e-con e-child\" data-id=\"826ce5b\" data-element_type=\"container\">\n\t\t\t\t<div class=\"elementor-element elementor-element-a23f2ed elementor-widget elementor-widget-image\" data-id=\"a23f2ed\" data-element_type=\"widget\" data-widget_type=\"image.default\">\n\t\t\t\t\t\t\t\t\t\t\t\t\t\t\t<img decoding=\"async\" src=\"https:\/\/wp3.mystudentblog.com\/wp-content\/uploads\/elementor\/thumbs\/ville-rhopvnbp7wu4qml472bg3q6ur4lf5ivzgdt6s81fzs.jpg\" title=\"ville\" alt=\"ville\" loading=\"lazy\" \/>\t\t\t\t\t\t\t\t\t\t\t\t\t\t\t<\/div>\n\t\t\t\t<\/div>\n\t\t<div class=\"elementor-element elementor-element-9db96a9 e-con-full e-flex e-con e-child\" data-id=\"9db96a9\" data-element_type=\"container\">\n\t\t\t\t<div class=\"elementor-element elementor-element-16c9c0d elementor-widget elementor-widget-text-editor\" data-id=\"16c9c0d\" data-element_type=\"widget\" data-widget_type=\"text-editor.default\">\n\t\t\t\t\t\t\t\t\t<p><strong>Villefranche de Conflent\u00a0<\/strong><\/p><p>Villefranche-de-Conflent vous ouvre ses portes : plongez au c\u0153ur d\u2019une cit\u00e9 m\u00e9di\u00e9vale class\u00e9e UNESCO, entre remparts, histoire et charme catalan.<\/p>\t\t\t\t\t\t\t\t<\/div>\n\t\t\t\t<\/div>\n\t\t\t\t\t<\/div>\n\t\t\t\t<\/div>\n\t\t<div class=\"elementor-element elementor-element-ba931f7 e-flex e-con-boxed e-con e-parent\" data-id=\"ba931f7\" data-element_type=\"container\">\n\t\t\t\t\t<div class=\"e-con-inner\">\n\t\t<div class=\"elementor-element elementor-element-9bc57d0 e-con-full e-flex e-con e-child\" data-id=\"9bc57d0\" data-element_type=\"container\">\n\t\t\t\t<div class=\"elementor-element elementor-element-c476b63 elementor-widget elementor-widget-image\" data-id=\"c476b63\" data-element_type=\"widget\" data-widget_type=\"image.default\">\n\t\t\t\t\t\t\t\t\t\t\t\t\t\t\t<img decoding=\"async\" width=\"768\" height=\"434\" src=\"https:\/\/wp3.mystudentblog.com\/wp-content\/uploads\/2026\/01\/image-768x434.jpg\" class=\"attachment-medium_large size-medium_large wp-image-139\" alt=\"\" srcset=\"https:\/\/wp3.mystudentblog.com\/wp-content\/uploads\/2026\/01\/image-768x434.jpg 768w, https:\/\/wp3.mystudentblog.com\/wp-content\/uploads\/2026\/01\/image-300x169.jpg 300w, https:\/\/wp3.mystudentblog.com\/wp-content\/uploads\/2026\/01\/image.jpg 885w\" sizes=\"(max-width: 768px) 100vw, 768px\" \/>\t\t\t\t\t\t\t\t\t\t\t\t\t\t\t<\/div>\n\t\t\t\t<\/div>\n\t\t<div class=\"elementor-element elementor-element-7bec68b e-con-full e-flex e-con e-child\" data-id=\"7bec68b\" data-element_type=\"container\">\n\t\t\t\t<div class=\"elementor-element elementor-element-8d954fc elementor-widget elementor-widget-text-editor\" data-id=\"8d954fc\" data-element_type=\"widget\" data-widget_type=\"text-editor.default\">\n\t\t\t\t\t\t\t\t\t<p>Aquarium Oniria\u00a0<\/p>\t\t\t\t\t\t\t\t<\/div>\n\t\t\t\t<\/div>\n\t\t\t\t\t<\/div>\n\t\t\t\t<\/div>\n\t\t<div class=\"elementor-element elementor-element-b97d084 e-grid e-con-boxed e-con e-parent\" data-id=\"b97d084\" data-element_type=\"container\">\n\t\t\t\t\t<div class=\"e-con-inner\">\n\t\t\t\t<div class=\"elementor-element elementor-element-546bdc9 elementor-widget elementor-widget-image\" data-id=\"546bdc9\" data-element_type=\"widget\" data-widget_type=\"image.default\">\n\t\t\t\t\t\t\t\t\t\t\t\t\t\t\t<img decoding=\"async\" width=\"300\" height=\"168\" src=\"https:\/\/wp3.mystudentblog.com\/wp-content\/uploads\/2026\/01\/accrobranche.jpeg\" class=\"attachment-1536x1536 size-1536x1536 wp-image-134\" alt=\"\" \/>\t\t\t\t\t\t\t\t\t\t\t\t\t\t\t<\/div>\n\t\t\t\t<div class=\"elementor-element elementor-element-b3e3dc1 elementor-widget elementor-widget-text-editor\" data-id=\"b3e3dc1\" data-element_type=\"widget\" data-widget_type=\"text-editor.default\">\n\t\t\t\t\t\t\t\t\t<p><strong>Saint-Jean-Pla-De-Corts<\/strong><\/p><p>Envie d&rsquo;aventure ?\u00a0Venez la vivre en pleine nature avec l\u2019accrobranche.<br data-start=\"83\" data-end=\"86\" \/>Sensations, rires et d\u00e9fis vous attendent dans les arbres<\/p>\t\t\t\t\t\t\t\t<\/div>\n\t\t\t\t\t<\/div>\n\t\t\t\t<\/div>\n\t\t\t\t<\/div>\n\t\t","protected":false},"excerpt":{"rendered":"<p>Culture et Patrimoine Mus\u00e9e de Pr\u00e9histoire de Tautavel Au mus\u00e9e de Tautavel, remontez le temps sur les traces de nos [&hellip;]<\/p>\n","protected":false},"author":2,"featured_media":0,"parent":0,"menu_order":0,"comment_status":"closed","ping_status":"closed","template":"","meta":{"site-sidebar-layout":"no-sidebar","site-content-layout":"","ast-site-content-layout":"full-width-container","site-content-style":"default","site-sidebar-style":"default","ast-global-header-display":"","ast-banner-title-visibility":"","ast-main-header-display":"","ast-hfb-above-header-display":"","ast-hfb-below-header-display":"","ast-hfb-mobile-header-display":"","site-post-title":"","ast-breadcrumbs-content":"","ast-featured-img":"disabled","footer-sml-layout":"","theme-transparent-header-meta":"","adv-header-id-meta":"","stick-header-meta":"","header-above-stick-meta":"","header-main-stick-meta":"","header-below-stick-meta":"","astra-migrate-meta-layouts":"default","ast-page-background-enabled":"default","ast-page-background-meta":{"desktop":{"background-color":"var(--ast-global-color-5)","background-image":"","background-repeat":"repeat","background-position":"center center","background-size":"auto","background-attachment":"scroll","background-type":"","background-media":"","overlay-type":"","overlay-color":"","overlay-opacity":"","overlay-gradient":""},"tablet":{"background-color":"","background-image":"","background-repeat":"repeat","background-position":"center center","background-size":"auto","background-attachment":"scroll","background-type":"","background-media":"","overlay-type":"","overlay-color":"","overlay-opacity":"","overlay-gradient":""},"mobile":{"background-color":"","background-image":"","background-repeat":"repeat","background-position":"center center","background-size":"auto","background-attachment":"scroll","background-type":"","background-media":"","overlay-type":"","overlay-color":"","overlay-opacity":"","overlay-gradient":""}},"ast-content-background-meta":{"desktop":{"background-color":"var(--ast-global-color-4)","background-image":"","background-repeat":"repeat","background-position":"center center","background-size":"auto","background-attachment":"scroll","background-type":"","background-media":"","overlay-type":"","overlay-color":"","overlay-opacity":"","overlay-gradient":""},"tablet":{"background-color":"var(--ast-global-color-4)","background-image":"","background-repeat":"repeat","background-position":"center center","background-size":"auto","background-attachment":"scroll","background-type":"","background-media":"","overlay-type":"","overlay-color":"","overlay-opacity":"","overlay-gradient":""},"mobile":{"background-color":"var(--ast-global-color-4)","background-image":"","background-repeat":"repeat","background-position":"center center","background-size":"auto","background-attachment":"scroll","background-type":"","background-media":"","overlay-type":"","overlay-color":"","overlay-opacity":"","overlay-gradient":""}},"footnotes":""},"class_list":["post-40","page","type-page","status-publish","hentry"],"_links":{"self":[{"href":"https:\/\/wp3.mystudentblog.com\/index.php?rest_route=\/wp\/v2\/pages\/40","targetHints":{"allow":["GET"]}}],"collection":[{"href":"https:\/\/wp3.mystudentblog.com\/index.php?rest_route=\/wp\/v2\/pages"}],"about":[{"href":"https:\/\/wp3.mystudentblog.com\/index.php?rest_route=\/wp\/v2\/types\/page"}],"author":[{"embeddable":true,"href":"https:\/\/wp3.mystudentblog.com\/index.php?rest_route=\/wp\/v2\/users\/2"}],"replies":[{"embeddable":true,"href":"https:\/\/wp3.mystudentblog.com\/index.php?rest_route=%2Fwp%2Fv2%2Fcomments&post=40"}],"version-history":[{"count":7,"href":"https:\/\/wp3.mystudentblog.com\/index.php?rest_route=\/wp\/v2\/pages\/40\/revisions"}],"predecessor-version":[{"id":146,"href":"https:\/\/wp3.mystudentblog.com\/index.php?rest_route=\/wp\/v2\/pages\/40\/revisions\/146"}],"wp:attachment":[{"href":"https:\/\/wp3.mystudentblog.com\/index.php?rest_route=%2Fwp%2Fv2%2Fmedia&parent=40"}],"curies":[{"name":"wp","href":"https:\/\/api.w.org\/{rel}","templated":true}]}}