{"id":42,"date":"2025-11-20T07:45:33","date_gmt":"2025-11-20T07:45:33","guid":{"rendered":"https:\/\/wp3.mystudentblog.com\/?page_id=42"},"modified":"2026-01-15T09:26:33","modified_gmt":"2026-01-15T09:26:33","slug":"restaurants-de-la-region","status":"publish","type":"page","link":"https:\/\/wp3.mystudentblog.com\/?page_id=42","title":{"rendered":"Restaurants de la r\u00e9gion"},"content":{"rendered":"\t\t<div data-elementor-type=\"wp-page\" data-elementor-id=\"42\" class=\"elementor elementor-42\">\n\t\t\t\t<div class=\"elementor-element elementor-element-3a364da e-flex e-con-boxed e-con e-parent\" data-id=\"3a364da\" data-element_type=\"container\">\n\t\t\t\t\t<div class=\"e-con-inner\">\n\t\t<div class=\"elementor-element elementor-element-432c62c e-con-full e-flex e-con e-child\" data-id=\"432c62c\" data-element_type=\"container\">\n\t\t\t\t<div class=\"elementor-element elementor-element-f03ef8b elementor-widget elementor-widget-image\" data-id=\"f03ef8b\" data-element_type=\"widget\" data-widget_type=\"image.default\">\n\t\t\t\t\t\t\t\t\t\t\t\t\t\t\t<img fetchpriority=\"high\" decoding=\"async\" width=\"1024\" height=\"1024\" src=\"https:\/\/wp3.mystudentblog.com\/wp-content\/uploads\/2025\/12\/mistinguettperpignan-1024x1024.jpg\" class=\"attachment-large size-large wp-image-108\" alt=\"\" srcset=\"https:\/\/wp3.mystudentblog.com\/wp-content\/uploads\/2025\/12\/mistinguettperpignan-1024x1024.jpg 1024w, https:\/\/wp3.mystudentblog.com\/wp-content\/uploads\/2025\/12\/mistinguettperpignan-300x300.jpg 300w, https:\/\/wp3.mystudentblog.com\/wp-content\/uploads\/2025\/12\/mistinguettperpignan-150x150.jpg 150w, https:\/\/wp3.mystudentblog.com\/wp-content\/uploads\/2025\/12\/mistinguettperpignan-768x768.jpg 768w, https:\/\/wp3.mystudentblog.com\/wp-content\/uploads\/2025\/12\/mistinguettperpignan.jpg 1280w\" sizes=\"(max-width: 1024px) 100vw, 1024px\" \/>\t\t\t\t\t\t\t\t\t\t\t\t\t\t\t<\/div>\n\t\t\t\t<\/div>\n\t\t<div class=\"elementor-element elementor-element-e027853 e-con-full e-flex e-con e-child\" data-id=\"e027853\" data-element_type=\"container\">\n\t\t<div class=\"elementor-element elementor-element-61b8fd8 e-con-full e-flex e-con e-child\" data-id=\"61b8fd8\" data-element_type=\"container\">\n\t\t\t\t<div class=\"elementor-element elementor-element-94ee465 elementor-widget elementor-widget-heading\" data-id=\"94ee465\" data-element_type=\"widget\" data-widget_type=\"heading.default\">\n\t\t\t\t\t<h2 class=\"elementor-heading-title elementor-size-default\">Mistinguett' Perpignan<\/h2>\t\t\t\t<\/div>\n\t\t\t\t<div class=\"elementor-element elementor-element-0023a33 elementor-widget elementor-widget-heading\" data-id=\"0023a33\" data-element_type=\"widget\" data-widget_type=\"heading.default\">\n\t\t\t\t\t<h3 class=\"elementor-heading-title elementor-size-default\">Mistinguett' Perpignan<\/h3>\t\t\t\t<\/div>\n\t\t\t\t<div class=\"elementor-element elementor-element-958e398 elementor-widget elementor-widget-text-editor\" data-id=\"958e398\" data-element_type=\"widget\" data-widget_type=\"text-editor.default\">\n\t\t\t\t\t\t\t\t\t<p>Venez d\u00e9couvrir au pied du Castillet, un restaurant bien connu pour ses plats d\u00e9licieusement bon et pour sa modernisation<\/p>\t\t\t\t\t\t\t\t<\/div>\n\t\t\t\t<div class=\"elementor-element elementor-element-900decf elementor-widget elementor-widget-image\" data-id=\"900decf\" data-element_type=\"widget\" data-widget_type=\"image.default\">\n\t\t\t\t\t\t\t\t\t\t\t\t\t\t\t<img decoding=\"async\" width=\"225\" height=\"300\" src=\"https:\/\/wp3.mystudentblog.com\/wp-content\/uploads\/2025\/12\/c1d8-Pub-and-bar-MISTINGUETT-pizza-225x300.jpg\" class=\"attachment-medium size-medium wp-image-110\" alt=\"\" srcset=\"https:\/\/wp3.mystudentblog.com\/wp-content\/uploads\/2025\/12\/c1d8-Pub-and-bar-MISTINGUETT-pizza-225x300.jpg 225w, https:\/\/wp3.mystudentblog.com\/wp-content\/uploads\/2025\/12\/c1d8-Pub-and-bar-MISTINGUETT-pizza.jpg 483w\" sizes=\"(max-width: 225px) 100vw, 225px\" \/>\t\t\t\t\t\t\t\t\t\t\t\t\t\t\t<\/div>\n\t\t\t\t<\/div>\n\t\t\t\t<\/div>\n\t\t\t\t\t<\/div>\n\t\t\t\t<\/div>\n\t\t<div class=\"elementor-element elementor-element-c900bf8 e-flex e-con-boxed e-con e-parent\" data-id=\"c900bf8\" data-element_type=\"container\">\n\t\t\t\t\t<div class=\"e-con-inner\">\n\t\t<div class=\"elementor-element elementor-element-2c6c674 e-con-full e-flex e-con e-child\" data-id=\"2c6c674\" data-element_type=\"container\">\n\t\t\t\t<div class=\"elementor-element elementor-element-c8bdd73 elementor-widget elementor-widget-image\" data-id=\"c8bdd73\" data-element_type=\"widget\" data-widget_type=\"image.default\">\n\t\t\t\t\t\t\t\t\t\t\t\t\t\t\t<img decoding=\"async\" width=\"1024\" height=\"580\" src=\"https:\/\/wp3.mystudentblog.com\/wp-content\/uploads\/2025\/12\/1200x680-1024x580.jpeg\" class=\"attachment-large size-large wp-image-112\" alt=\"\" srcset=\"https:\/\/wp3.mystudentblog.com\/wp-content\/uploads\/2025\/12\/1200x680-1024x580.jpeg 1024w, https:\/\/wp3.mystudentblog.com\/wp-content\/uploads\/2025\/12\/1200x680-300x170.jpeg 300w, https:\/\/wp3.mystudentblog.com\/wp-content\/uploads\/2025\/12\/1200x680-768x435.jpeg 768w, https:\/\/wp3.mystudentblog.com\/wp-content\/uploads\/2025\/12\/1200x680.jpeg 1200w\" sizes=\"(max-width: 1024px) 100vw, 1024px\" \/>\t\t\t\t\t\t\t\t\t\t\t\t\t\t\t<\/div>\n\t\t\t\t<\/div>\n\t\t<div class=\"elementor-element elementor-element-3a8ff1b e-con-full e-flex e-con e-child\" data-id=\"3a8ff1b\" data-element_type=\"container\">\n\t\t<div class=\"elementor-element elementor-element-1aa1be1 e-con-full e-flex e-con e-child\" data-id=\"1aa1be1\" data-element_type=\"container\">\n\t\t\t\t<div class=\"elementor-element elementor-element-e2289c9 elementor-widget elementor-widget-heading\" data-id=\"e2289c9\" data-element_type=\"widget\" data-widget_type=\"heading.default\">\n\t\t\t\t\t<h3 class=\"elementor-heading-title elementor-size-default\">Maison Dhalia Perpignan<br><\/h3>\t\t\t\t<\/div>\n\t\t\t\t<\/div>\n\t\t<div class=\"elementor-element elementor-element-ec283d9 e-con-full e-flex e-con e-child\" data-id=\"ec283d9\" data-element_type=\"container\">\n\t\t\t\t<div class=\"elementor-element elementor-element-9b5b748 elementor-widget elementor-widget-text-editor\" data-id=\"9b5b748\" data-element_type=\"widget\" data-widget_type=\"text-editor.default\">\n\t\t\t\t\t\t\t\t\t<p><span style=\"color: #000000;\">La Maison Dhalia, une cuisine savoureuse dans une ambiance chaleureuse.<\/span><br data-start=\"92\" data-end=\"95\" \/><span style=\"color: #000000;\">L\u2019adresse id\u00e9ale pour un moment gourmand et convivial.<\/span><\/p>\t\t\t\t\t\t\t\t<\/div>\n\t\t\t\t<div class=\"elementor-element elementor-element-19bca73 elementor-widget elementor-widget-image\" data-id=\"19bca73\" data-element_type=\"widget\" data-widget_type=\"image.default\">\n\t\t\t\t\t\t\t\t\t\t\t\t\t\t\t<img loading=\"lazy\" decoding=\"async\" width=\"281\" height=\"300\" src=\"https:\/\/wp3.mystudentblog.com\/wp-content\/uploads\/2025\/12\/plat-281x300.png\" class=\"attachment-medium size-medium wp-image-113\" alt=\"\" srcset=\"https:\/\/wp3.mystudentblog.com\/wp-content\/uploads\/2025\/12\/plat-281x300.png 281w, https:\/\/wp3.mystudentblog.com\/wp-content\/uploads\/2025\/12\/plat.png 692w\" sizes=\"(max-width: 281px) 100vw, 281px\" \/>\t\t\t\t\t\t\t\t\t\t\t\t\t\t\t<\/div>\n\t\t\t\t<\/div>\n\t\t\t\t<\/div>\n\t\t\t\t\t<\/div>\n\t\t\t\t<\/div>\n\t\t<div class=\"elementor-element elementor-element-2f883e4 e-flex e-con-boxed e-con e-parent\" data-id=\"2f883e4\" data-element_type=\"container\">\n\t\t\t\t\t<div class=\"e-con-inner\">\n\t\t<div class=\"elementor-element elementor-element-df9d90c e-con-full e-flex e-con e-child\" data-id=\"df9d90c\" data-element_type=\"container\">\n\t\t\t\t<div class=\"elementor-element elementor-element-3e9f78c elementor-widget elementor-widget-image\" data-id=\"3e9f78c\" data-element_type=\"widget\" data-widget_type=\"image.default\">\n\t\t\t\t\t\t\t\t\t\t\t\t\t\t\t<img loading=\"lazy\" decoding=\"async\" width=\"1024\" height=\"574\" src=\"https:\/\/wp3.mystudentblog.com\/wp-content\/uploads\/2025\/12\/la-siesta-1024x574.jpg\" class=\"attachment-large size-large wp-image-114\" alt=\"\" srcset=\"https:\/\/wp3.mystudentblog.com\/wp-content\/uploads\/2025\/12\/la-siesta-1024x574.jpg 1024w, https:\/\/wp3.mystudentblog.com\/wp-content\/uploads\/2025\/12\/la-siesta-300x168.jpg 300w, https:\/\/wp3.mystudentblog.com\/wp-content\/uploads\/2025\/12\/la-siesta-768x430.jpg 768w, https:\/\/wp3.mystudentblog.com\/wp-content\/uploads\/2025\/12\/la-siesta-1536x861.jpg 1536w, https:\/\/wp3.mystudentblog.com\/wp-content\/uploads\/2025\/12\/la-siesta-2048x1148.jpg 2048w\" sizes=\"(max-width: 1024px) 100vw, 1024px\" \/>\t\t\t\t\t\t\t\t\t\t\t\t\t\t\t<\/div>\n\t\t\t\t<\/div>\n\t\t<div class=\"elementor-element elementor-element-9e6c8cd e-con-full e-flex e-con e-child\" data-id=\"9e6c8cd\" data-element_type=\"container\">\n\t\t<div class=\"elementor-element elementor-element-46d6000 e-con-full e-flex e-con e-child\" data-id=\"46d6000\" data-element_type=\"container\">\n\t\t\t\t<div class=\"elementor-element elementor-element-993d389 elementor-widget elementor-widget-heading\" data-id=\"993d389\" data-element_type=\"widget\" data-widget_type=\"heading.default\">\n\t\t\t\t\t<h3 class=\"elementor-heading-title elementor-size-default\">La siesta Canet en roussillon <\/h3>\t\t\t\t<\/div>\n\t\t\t\t<\/div>\n\t\t<div class=\"elementor-element elementor-element-0c4a61a e-con-full e-flex e-con e-child\" data-id=\"0c4a61a\" data-element_type=\"container\">\n\t\t\t\t<div class=\"elementor-element elementor-element-cbc1ddc elementor-widget elementor-widget-text-editor\" data-id=\"cbc1ddc\" data-element_type=\"widget\" data-widget_type=\"text-editor.default\">\n\t\t\t\t\t\t\t\t\t<p><span style=\"color: #000000;\">Pieds dans le sable, cocktail \u00e0 la main : et si le bonheur commen\u00e7ait \u00e0 La Siesta ?<\/span><\/p>\t\t\t\t\t\t\t\t<\/div>\n\t\t\t\t<div class=\"elementor-element elementor-element-b24b20c elementor-widget elementor-widget-image\" data-id=\"b24b20c\" data-element_type=\"widget\" data-widget_type=\"image.default\">\n\t\t\t\t\t\t\t\t\t\t\t\t\t\t\t<img loading=\"lazy\" decoding=\"async\" width=\"688\" height=\"475\" src=\"https:\/\/wp3.mystudentblog.com\/wp-content\/uploads\/2025\/12\/plat-la-siesta-.jpg\" class=\"attachment-large size-large wp-image-115\" alt=\"\" srcset=\"https:\/\/wp3.mystudentblog.com\/wp-content\/uploads\/2025\/12\/plat-la-siesta-.jpg 688w, https:\/\/wp3.mystudentblog.com\/wp-content\/uploads\/2025\/12\/plat-la-siesta--300x207.jpg 300w\" sizes=\"(max-width: 688px) 100vw, 688px\" \/>\t\t\t\t\t\t\t\t\t\t\t\t\t\t\t<\/div>\n\t\t\t\t<\/div>\n\t\t\t\t<\/div>\n\t\t\t\t\t<\/div>\n\t\t\t\t<\/div>\n\t\t<div class=\"elementor-element elementor-element-1b5c5aa e-flex e-con-boxed e-con e-parent\" data-id=\"1b5c5aa\" data-element_type=\"container\">\n\t\t\t\t\t<div class=\"e-con-inner\">\n\t\t<div class=\"elementor-element elementor-element-5ea5d69 e-con-full e-flex e-con e-child\" data-id=\"5ea5d69\" data-element_type=\"container\">\n\t\t\t\t<div class=\"elementor-element elementor-element-1e520c0 elementor-widget elementor-widget-image\" data-id=\"1e520c0\" data-element_type=\"widget\" data-widget_type=\"image.default\">\n\t\t\t\t\t\t\t\t\t\t\t\t\t\t\t<img loading=\"lazy\" decoding=\"async\" width=\"768\" height=\"632\" src=\"https:\/\/wp3.mystudentblog.com\/wp-content\/uploads\/2025\/12\/pub-del-mar-2-768x632.jpg\" class=\"attachment-medium_large size-medium_large wp-image-117\" alt=\"\" srcset=\"https:\/\/wp3.mystudentblog.com\/wp-content\/uploads\/2025\/12\/pub-del-mar-2-768x632.jpg 768w, https:\/\/wp3.mystudentblog.com\/wp-content\/uploads\/2025\/12\/pub-del-mar-2-300x247.jpg 300w, https:\/\/wp3.mystudentblog.com\/wp-content\/uploads\/2025\/12\/pub-del-mar-2-1024x843.jpg 1024w, https:\/\/wp3.mystudentblog.com\/wp-content\/uploads\/2025\/12\/pub-del-mar-2-1536x1264.jpg 1536w, https:\/\/wp3.mystudentblog.com\/wp-content\/uploads\/2025\/12\/pub-del-mar-2.jpg 2048w\" sizes=\"(max-width: 768px) 100vw, 768px\" \/>\t\t\t\t\t\t\t\t\t\t\t\t\t\t\t<\/div>\n\t\t\t\t<\/div>\n\t\t<div class=\"elementor-element elementor-element-07d9868 e-con-full e-flex e-con e-child\" data-id=\"07d9868\" data-element_type=\"container\">\n\t\t<div class=\"elementor-element elementor-element-22afc2f e-con-full e-flex e-con e-child\" data-id=\"22afc2f\" data-element_type=\"container\">\n\t\t\t\t<div class=\"elementor-element elementor-element-dc9bb80 elementor-widget elementor-widget-heading\" data-id=\"dc9bb80\" data-element_type=\"widget\" data-widget_type=\"heading.default\">\n\t\t\t\t\t<h3 class=\"elementor-heading-title elementor-size-default\">Pub del mar Canet en Roussillon<\/h3>\t\t\t\t<\/div>\n\t\t\t\t<\/div>\n\t\t<div class=\"elementor-element elementor-element-6648888 e-con-full e-flex e-con e-child\" data-id=\"6648888\" data-element_type=\"container\">\n\t\t\t\t<div class=\"elementor-element elementor-element-8ffa86f elementor-widget elementor-widget-text-editor\" data-id=\"8ffa86f\" data-element_type=\"widget\" data-widget_type=\"text-editor.default\">\n\t\t\t\t\t\t\t\t\t<p><span style=\"color: #000000;\">Des produits frais, une cuisine de passion et la brise marine : bienvenue au Resto Pub Del Mar<\/span><\/p>\t\t\t\t\t\t\t\t<\/div>\n\t\t\t\t<div class=\"elementor-element elementor-element-6500f70 elementor-widget elementor-widget-image\" data-id=\"6500f70\" data-element_type=\"widget\" data-widget_type=\"image.default\">\n\t\t\t\t\t\t\t\t\t\t\t\t\t\t\t<img loading=\"lazy\" decoding=\"async\" width=\"225\" height=\"225\" src=\"https:\/\/wp3.mystudentblog.com\/wp-content\/uploads\/2025\/12\/brunch.jpeg\" class=\"attachment-full size-full wp-image-118\" alt=\"\" srcset=\"https:\/\/wp3.mystudentblog.com\/wp-content\/uploads\/2025\/12\/brunch.jpeg 225w, https:\/\/wp3.mystudentblog.com\/wp-content\/uploads\/2025\/12\/brunch-150x150.jpeg 150w\" sizes=\"(max-width: 225px) 100vw, 225px\" \/>\t\t\t\t\t\t\t\t\t\t\t\t\t\t\t<\/div>\n\t\t\t\t<\/div>\n\t\t\t\t<\/div>\n\t\t\t\t\t<\/div>\n\t\t\t\t<\/div>\n\t\t<div class=\"elementor-element elementor-element-2a20abcc e-flex e-con-boxed e-con e-parent\" data-id=\"2a20abcc\" data-element_type=\"container\" data-settings=\"{&quot;background_background&quot;:&quot;classic&quot;}\">\n\t\t\t\t\t<div class=\"e-con-inner\">\n\t\t\t\t<div class=\"elementor-element elementor-element-47177f3d elementor-widget elementor-widget-heading\" data-id=\"47177f3d\" data-element_type=\"widget\" data-widget_type=\"heading.default\">\n\t\t\t\t\t<h6 class=\"elementor-heading-title elementor-size-default\">WELCOME TO OUR WEBSITE<\/h6>\t\t\t\t<\/div>\n\t\t\t\t<div class=\"elementor-element elementor-element-6298a122 elementor-widget elementor-widget-heading\" data-id=\"6298a122\" data-element_type=\"widget\" data-widget_type=\"heading.default\">\n\t\t\t\t\t<h1 class=\"elementor-heading-title elementor-size-default\">This Headline Grabs Visitors\u2019 Attention<\/h1>\t\t\t\t<\/div>\n\t\t\t\t<div class=\"elementor-element elementor-element-3909fd2d elementor-widget elementor-widget-heading\" data-id=\"3909fd2d\" data-element_type=\"widget\" data-widget_type=\"heading.default\">\n\t\t\t\t\t<h5 class=\"elementor-heading-title elementor-size-default\">A short description that introduces visitors to your business offerings<\/h5>\t\t\t\t<\/div>\n\t\t\t\t<div class=\"elementor-element elementor-element-27faf801 elementor-align-center elementor-widget elementor-widget-button\" data-id=\"27faf801\" data-element_type=\"widget\" data-widget_type=\"button.default\">\n\t\t\t\t\t\t\t\t\t\t<a class=\"elementor-button elementor-button-link elementor-size-sm\" href=\"https:\/\/library.elementor.com\/local-services-wireframe-1\/contact\/\">\n\t\t\t\t\t\t<span class=\"elementor-button-content-wrapper\">\n\t\t\t\t\t\t\t\t\t<span class=\"elementor-button-text\">Contact us<\/span>\n\t\t\t\t\t<\/span>\n\t\t\t\t\t<\/a>\n\t\t\t\t\t\t\t\t<\/div>\n\t\t\t\t\t<\/div>\n\t\t\t\t<\/div>\n\t\t\t\t<\/div>\n\t\t","protected":false},"excerpt":{"rendered":"<p>Mistinguett&rsquo; Perpignan Mistinguett&rsquo; Perpignan Venez d\u00e9couvrir au pied du Castillet, un restaurant bien connu pour ses plats d\u00e9licieusement bon et [&hellip;]<\/p>\n","protected":false},"author":2,"featured_media":0,"parent":0,"menu_order":0,"comment_status":"closed","ping_status":"closed","template":"","meta":{"site-sidebar-layout":"no-sidebar","site-content-layout":"","ast-site-content-layout":"full-width-container","site-content-style":"default","site-sidebar-style":"default","ast-global-header-display":"","ast-banner-title-visibility":"","ast-main-header-display":"","ast-hfb-above-header-display":"","ast-hfb-below-header-display":"","ast-hfb-mobile-header-display":"","site-post-title":"","ast-breadcrumbs-content":"","ast-featured-img":"disabled","footer-sml-layout":"","theme-transparent-header-meta":"","adv-header-id-meta":"","stick-header-meta":"","header-above-stick-meta":"","header-main-stick-meta":"","header-below-stick-meta":"","astra-migrate-meta-layouts":"default","ast-page-background-enabled":"default","ast-page-background-meta":{"desktop":{"background-color":"var(--ast-global-color-5)","background-image":"","background-repeat":"repeat","background-position":"center center","background-size":"auto","background-attachment":"scroll","background-type":"","background-media":"","overlay-type":"","overlay-color":"","overlay-opacity":"","overlay-gradient":""},"tablet":{"background-color":"","background-image":"","background-repeat":"repeat","background-position":"center center","background-size":"auto","background-attachment":"scroll","background-type":"","background-media":"","overlay-type":"","overlay-color":"","overlay-opacity":"","overlay-gradient":""},"mobile":{"background-color":"","background-image":"","background-repeat":"repeat","background-position":"center center","background-size":"auto","background-attachment":"scroll","background-type":"","background-media":"","overlay-type":"","overlay-color":"","overlay-opacity":"","overlay-gradient":""}},"ast-content-background-meta":{"desktop":{"background-color":"var(--ast-global-color-4)","background-image":"","background-repeat":"repeat","background-position":"center center","background-size":"auto","background-attachment":"scroll","background-type":"","background-media":"","overlay-type":"","overlay-color":"","overlay-opacity":"","overlay-gradient":""},"tablet":{"background-color":"var(--ast-global-color-4)","background-image":"","background-repeat":"repeat","background-position":"center center","background-size":"auto","background-attachment":"scroll","background-type":"","background-media":"","overlay-type":"","overlay-color":"","overlay-opacity":"","overlay-gradient":""},"mobile":{"background-color":"var(--ast-global-color-4)","background-image":"","background-repeat":"repeat","background-position":"center center","background-size":"auto","background-attachment":"scroll","background-type":"","background-media":"","overlay-type":"","overlay-color":"","overlay-opacity":"","overlay-gradient":""}},"footnotes":""},"class_list":["post-42","page","type-page","status-publish","hentry"],"_links":{"self":[{"href":"https:\/\/wp3.mystudentblog.com\/index.php?rest_route=\/wp\/v2\/pages\/42","targetHints":{"allow":["GET"]}}],"collection":[{"href":"https:\/\/wp3.mystudentblog.com\/index.php?rest_route=\/wp\/v2\/pages"}],"about":[{"href":"https:\/\/wp3.mystudentblog.com\/index.php?rest_route=\/wp\/v2\/types\/page"}],"author":[{"embeddable":true,"href":"https:\/\/wp3.mystudentblog.com\/index.php?rest_route=\/wp\/v2\/users\/2"}],"replies":[{"embeddable":true,"href":"https:\/\/wp3.mystudentblog.com\/index.php?rest_route=%2Fwp%2Fv2%2Fcomments&post=42"}],"version-history":[{"count":10,"href":"https:\/\/wp3.mystudentblog.com\/index.php?rest_route=\/wp\/v2\/pages\/42\/revisions"}],"predecessor-version":[{"id":133,"href":"https:\/\/wp3.mystudentblog.com\/index.php?rest_route=\/wp\/v2\/pages\/42\/revisions\/133"}],"wp:attachment":[{"href":"https:\/\/wp3.mystudentblog.com\/index.php?rest_route=%2Fwp%2Fv2%2Fmedia&parent=42"}],"curies":[{"name":"wp","href":"https:\/\/api.w.org\/{rel}","templated":true}]}}