{"id":6,"date":"2025-11-13T09:51:25","date_gmt":"2025-11-13T09:51:25","guid":{"rendered":"https:\/\/wp3.mystudentblog.com\/?page_id=6"},"modified":"2025-11-20T09:52:13","modified_gmt":"2025-11-20T09:52:13","slug":"accueil","status":"publish","type":"page","link":"https:\/\/wp3.mystudentblog.com\/","title":{"rendered":"Accueil"},"content":{"rendered":"\t\t<div data-elementor-type=\"wp-page\" data-elementor-id=\"6\" class=\"elementor elementor-6\">\n\t\t\t\t<div class=\"elementor-element elementor-element-91a3720 e-flex e-con-boxed e-con e-parent\" data-id=\"91a3720\" data-element_type=\"container\">\n\t\t\t\t\t<div class=\"e-con-inner\">\n\t\t<div class=\"elementor-element elementor-element-8594585 e-con-full e-flex e-con e-child\" data-id=\"8594585\" data-element_type=\"container\">\n\t\t\t\t<div class=\"elementor-element elementor-element-9b62670 elementor-widget elementor-widget-image\" data-id=\"9b62670\" data-element_type=\"widget\" data-widget_type=\"image.default\">\n\t\t\t\t\t\t\t\t\t\t\t\t\t\t\t<img fetchpriority=\"high\" decoding=\"async\" width=\"894\" height=\"768\" src=\"https:\/\/wp3.mystudentblog.com\/wp-content\/uploads\/2025\/11\/01_-3-_vue_interne_du_castillet_et_son_bastion_en_1905_hd.jpg\" class=\"attachment-large size-large wp-image-79\" alt=\"\" srcset=\"https:\/\/wp3.mystudentblog.com\/wp-content\/uploads\/2025\/11\/01_-3-_vue_interne_du_castillet_et_son_bastion_en_1905_hd.jpg 894w, https:\/\/wp3.mystudentblog.com\/wp-content\/uploads\/2025\/11\/01_-3-_vue_interne_du_castillet_et_son_bastion_en_1905_hd-300x258.jpg 300w, https:\/\/wp3.mystudentblog.com\/wp-content\/uploads\/2025\/11\/01_-3-_vue_interne_du_castillet_et_son_bastion_en_1905_hd-768x660.jpg 768w\" sizes=\"(max-width: 894px) 100vw, 894px\" \/>\t\t\t\t\t\t\t\t\t\t\t\t\t\t\t<\/div>\n\t\t\t\t<\/div>\n\t\t<div class=\"elementor-element elementor-element-6bf8bef e-con-full e-flex e-con e-child\" data-id=\"6bf8bef\" data-element_type=\"container\">\n\t\t\t\t<div class=\"elementor-element elementor-element-c7251d0 elementor-widget elementor-widget-heading\" data-id=\"c7251d0\" data-element_type=\"widget\" data-widget_type=\"heading.default\">\n\t\t\t\t\t<h2 class=\"elementor-heading-title elementor-size-default\">L'Essentiel : Visiter le Castillet.<\/h2>\t\t\t\t<\/div>\n\t\t\t\t<div class=\"elementor-element elementor-element-2ec5e92 elementor-widget elementor-widget-text-editor\" data-id=\"2ec5e92\" data-element_type=\"widget\" data-widget_type=\"text-editor.default\">\n\t\t\t\t\t\t\t\t\t<h6 data-path-to-node=\"2\">Ne manquez pas le Castillet, l&#8217;embl\u00e8me incontournable de Perpignan !<\/h6><p data-path-to-node=\"3\">Montez sur cette ancienne porte m\u00e9di\u00e9vale pour une vue imprenable sur la ville et les Pyr\u00e9n\u00e9es. C&rsquo;est le lieu parfait pour plonger dans l&rsquo;histoire catalane et prendre une photo m\u00e9morable.<\/p><p data-path-to-node=\"4\">Une visite essentielle si vous venez dans les Pyr\u00e9n\u00e9es-Orientales !<\/p><p data-start=\"143\" data-end=\"248\" data-is-last-node=\"\" data-is-only-node=\"\">\u00a0<\/p>\t\t\t\t\t\t\t\t<\/div>\n\t\t\t\t<\/div>\n\t\t\t\t\t<\/div>\n\t\t\t\t<\/div>\n\t\t<div class=\"elementor-element elementor-element-a0bd7f5 e-flex e-con-boxed e-con e-parent\" data-id=\"a0bd7f5\" data-element_type=\"container\">\n\t\t\t\t\t<div class=\"e-con-inner\">\n\t\t<div class=\"elementor-element elementor-element-a0f43e8 e-con-full e-flex e-con e-child\" data-id=\"a0f43e8\" data-element_type=\"container\">\n\t\t\t\t<div class=\"elementor-element elementor-element-908dd7f elementor-widget elementor-widget-heading\" data-id=\"908dd7f\" data-element_type=\"widget\" data-widget_type=\"heading.default\">\n\t\t\t\t\t<h2 class=\"elementor-heading-title elementor-size-default\">Cath\u00e9drale Saint Jean \u00e0 Perpignan <\/h2>\t\t\t\t<\/div>\n\t\t\t\t<div class=\"elementor-element elementor-element-285cb95 elementor-widget elementor-widget-text-editor\" data-id=\"285cb95\" data-element_type=\"widget\" data-widget_type=\"text-editor.default\">\n\t\t\t\t\t\t\t\t\t<p data-path-to-node=\"2\"><strong>Visitez la Cath\u00e9drale Saint-Jean-Baptiste !<\/strong><\/p><p data-path-to-node=\"3\">Admirez son architecture gothique monumentale et, \u00e0 l&rsquo;int\u00e9rieur, le c\u00e9l\u00e8bre D\u00e9vot Christ, une \u0153uvre spectaculaire du XIVe si\u00e8cle.<\/p><p data-path-to-node=\"5\">Derri\u00e8re ses murs de briques rouges, des si\u00e8cles de secrets&#8230; Venez d\u00e9couvrir le myst\u00e8re et la splendeur de la Cath\u00e9drale Saint-Jean-Baptiste, le monument embl\u00e9matique de la ville.<\/p>\t\t\t\t\t\t\t\t<\/div>\n\t\t\t\t<div class=\"elementor-element elementor-element-c866ea7 elementor-widget elementor-widget-button\" data-id=\"c866ea7\" data-element_type=\"widget\" data-widget_type=\"button.default\">\n\t\t\t\t\t\t\t\t\t\t<a class=\"elementor-button elementor-button-link elementor-size-sm\" href=\"\">\n\t\t\t\t\t\t<span class=\"elementor-button-content-wrapper\">\n\t\t\t\t\t\t\t\t\t<span class=\"elementor-button-text\">En savoir plus<\/span>\n\t\t\t\t\t<\/span>\n\t\t\t\t\t<\/a>\n\t\t\t\t\t\t\t\t<\/div>\n\t\t\t\t<\/div>\n\t\t<div class=\"elementor-element elementor-element-fb483df e-con-full e-flex e-con e-child\" data-id=\"fb483df\" data-element_type=\"container\">\n\t\t\t\t<div class=\"elementor-element elementor-element-0c67eec elementor-widget elementor-widget-image\" data-id=\"0c67eec\" data-element_type=\"widget\" data-widget_type=\"image.default\">\n\t\t\t\t\t\t\t\t\t\t\t\t\t\t\t<img decoding=\"async\" width=\"1024\" height=\"772\" src=\"https:\/\/wp3.mystudentblog.com\/wp-content\/uploads\/2025\/11\/MHR73_186600087NUC-1024x772.jpeg\" class=\"attachment-large size-large wp-image-21\" alt=\"\" srcset=\"https:\/\/wp3.mystudentblog.com\/wp-content\/uploads\/2025\/11\/MHR73_186600087NUC-1024x772.jpeg 1024w, https:\/\/wp3.mystudentblog.com\/wp-content\/uploads\/2025\/11\/MHR73_186600087NUC-300x226.jpeg 300w, https:\/\/wp3.mystudentblog.com\/wp-content\/uploads\/2025\/11\/MHR73_186600087NUC-768x579.jpeg 768w, https:\/\/wp3.mystudentblog.com\/wp-content\/uploads\/2025\/11\/MHR73_186600087NUC-1536x1158.jpeg 1536w, https:\/\/wp3.mystudentblog.com\/wp-content\/uploads\/2025\/11\/MHR73_186600087NUC.jpeg 1989w\" sizes=\"(max-width: 1024px) 100vw, 1024px\" \/>\t\t\t\t\t\t\t\t\t\t\t\t\t\t\t<\/div>\n\t\t\t\t<\/div>\n\t\t\t\t\t<\/div>\n\t\t\t\t<\/div>\n\t\t\t\t<\/div>\n\t\t","protected":false},"excerpt":{"rendered":"<p>L&rsquo;Essentiel : Visiter le Castillet. Ne manquez pas le Castillet, l&#8217;embl\u00e8me incontournable de Perpignan ! Montez sur cette ancienne porte [&hellip;]<\/p>\n","protected":false},"author":2,"featured_media":0,"parent":0,"menu_order":0,"comment_status":"closed","ping_status":"closed","template":"","meta":{"site-sidebar-layout":"default","site-content-layout":"","ast-site-content-layout":"default","site-content-style":"default","site-sidebar-style":"default","ast-global-header-display":"","ast-banner-title-visibility":"","ast-main-header-display":"","ast-hfb-above-header-display":"","ast-hfb-below-header-display":"","ast-hfb-mobile-header-display":"","site-post-title":"","ast-breadcrumbs-content":"","ast-featured-img":"","footer-sml-layout":"","theme-transparent-header-meta":"","adv-header-id-meta":"","stick-header-meta":"","header-above-stick-meta":"","header-main-stick-meta":"","header-below-stick-meta":"","astra-migrate-meta-layouts":"default","ast-page-background-enabled":"default","ast-page-background-meta":{"desktop":{"background-color":"var(--ast-global-color-5)","background-image":"","background-repeat":"repeat","background-position":"center center","background-size":"auto","background-attachment":"scroll","background-type":"","background-media":"","overlay-type":"","overlay-color":"","overlay-opacity":"","overlay-gradient":""},"tablet":{"background-color":"","background-image":"","background-repeat":"repeat","background-position":"center center","background-size":"auto","background-attachment":"scroll","background-type":"","background-media":"","overlay-type":"","overlay-color":"","overlay-opacity":"","overlay-gradient":""},"mobile":{"background-color":"","background-image":"","background-repeat":"repeat","background-position":"center center","background-size":"auto","background-attachment":"scroll","background-type":"","background-media":"","overlay-type":"","overlay-color":"","overlay-opacity":"","overlay-gradient":""}},"ast-content-background-meta":{"desktop":{"background-color":"var(--ast-global-color-4)","background-image":"","background-repeat":"repeat","background-position":"center center","background-size":"auto","background-attachment":"scroll","background-type":"","background-media":"","overlay-type":"","overlay-color":"","overlay-opacity":"","overlay-gradient":""},"tablet":{"background-color":"var(--ast-global-color-4)","background-image":"","background-repeat":"repeat","background-position":"center center","background-size":"auto","background-attachment":"scroll","background-type":"","background-media":"","overlay-type":"","overlay-color":"","overlay-opacity":"","overlay-gradient":""},"mobile":{"background-color":"var(--ast-global-color-4)","background-image":"","background-repeat":"repeat","background-position":"center center","background-size":"auto","background-attachment":"scroll","background-type":"","background-media":"","overlay-type":"","overlay-color":"","overlay-opacity":"","overlay-gradient":""}},"footnotes":""},"class_list":["post-6","page","type-page","status-publish","hentry"],"_links":{"self":[{"href":"https:\/\/wp3.mystudentblog.com\/index.php?rest_route=\/wp\/v2\/pages\/6","targetHints":{"allow":["GET"]}}],"collection":[{"href":"https:\/\/wp3.mystudentblog.com\/index.php?rest_route=\/wp\/v2\/pages"}],"about":[{"href":"https:\/\/wp3.mystudentblog.com\/index.php?rest_route=\/wp\/v2\/types\/page"}],"author":[{"embeddable":true,"href":"https:\/\/wp3.mystudentblog.com\/index.php?rest_route=\/wp\/v2\/users\/2"}],"replies":[{"embeddable":true,"href":"https:\/\/wp3.mystudentblog.com\/index.php?rest_route=%2Fwp%2Fv2%2Fcomments&post=6"}],"version-history":[{"count":16,"href":"https:\/\/wp3.mystudentblog.com\/index.php?rest_route=\/wp\/v2\/pages\/6\/revisions"}],"predecessor-version":[{"id":82,"href":"https:\/\/wp3.mystudentblog.com\/index.php?rest_route=\/wp\/v2\/pages\/6\/revisions\/82"}],"wp:attachment":[{"href":"https:\/\/wp3.mystudentblog.com\/index.php?rest_route=%2Fwp%2Fv2%2Fmedia&parent=6"}],"curies":[{"name":"wp","href":"https:\/\/api.w.org\/{rel}","templated":true}]}}