{"id":85,"date":"2025-11-20T10:31:33","date_gmt":"2025-11-20T10:31:33","guid":{"rendered":"https:\/\/wp3.mystudentblog.com\/?page_id=85"},"modified":"2025-11-20T10:49:50","modified_gmt":"2025-11-20T10:49:50","slug":"tout-ce-quil-faut-savoir","status":"publish","type":"page","link":"https:\/\/wp3.mystudentblog.com\/?page_id=85","title":{"rendered":"Tout ce qu&rsquo;il faut savoir"},"content":{"rendered":"\t\t<div data-elementor-type=\"wp-page\" data-elementor-id=\"85\" class=\"elementor elementor-85\">\n\t\t\t\t<div class=\"elementor-element elementor-element-b02d016 e-flex e-con-boxed e-con e-parent\" data-id=\"b02d016\" data-element_type=\"container\">\n\t\t\t\t\t<div class=\"e-con-inner\">\n\t\t<div class=\"elementor-element elementor-element-eb6333c e-con-full e-flex e-con e-child\" data-id=\"eb6333c\" data-element_type=\"container\">\n\t\t\t\t<div class=\"elementor-element elementor-element-9c8bf9d elementor-widget elementor-widget-image\" data-id=\"9c8bf9d\" data-element_type=\"widget\" data-widget_type=\"image.default\">\n\t\t\t\t\t\t\t\t\t\t\t\t\t\t\t<img fetchpriority=\"high\" decoding=\"async\" width=\"600\" height=\"387\" src=\"https:\/\/wp3.mystudentblog.com\/wp-content\/uploads\/2025\/11\/Storyguide_sur_mac_apli.png\" class=\"attachment-large size-large wp-image-103\" alt=\"\" srcset=\"https:\/\/wp3.mystudentblog.com\/wp-content\/uploads\/2025\/11\/Storyguide_sur_mac_apli.png 600w, https:\/\/wp3.mystudentblog.com\/wp-content\/uploads\/2025\/11\/Storyguide_sur_mac_apli-300x194.png 300w\" sizes=\"(max-width: 600px) 100vw, 600px\" \/>\t\t\t\t\t\t\t\t\t\t\t\t\t\t\t<\/div>\n\t\t\t\t<\/div>\n\t\t<div class=\"elementor-element elementor-element-4ebb5e2 e-con-full e-flex e-con e-child\" data-id=\"4ebb5e2\" data-element_type=\"container\">\n\t\t\t\t<div class=\"elementor-element elementor-element-80f4c4a elementor-widget elementor-widget-heading\" data-id=\"80f4c4a\" data-element_type=\"widget\" data-widget_type=\"heading.default\">\n\t\t\t\t\t<h2 class=\"elementor-heading-title elementor-size-default\">Perpi'D\u00e9couverte : <br>Le guide essentiel pour explorer Perpignan et ses tr\u00e9sors catalans. <br>De l'\u00e9crin m\u00e9di\u00e9val du Castillet aux saveurs m\u00e9diterran\u00e9ennes.<br>Votre aventure commence ici !<\/h2>\t\t\t\t<\/div>\n\t\t\t\t<\/div>\n\t\t\t\t\t<\/div>\n\t\t\t\t<\/div>\n\t\t\t\t<\/div>\n\t\t","protected":false},"excerpt":{"rendered":"<p>Perpi&rsquo;D\u00e9couverte : Le guide essentiel pour explorer Perpignan et ses tr\u00e9sors catalans. De l&rsquo;\u00e9crin m\u00e9di\u00e9val du Castillet aux saveurs m\u00e9diterran\u00e9ennes.Votre [&hellip;]<\/p>\n","protected":false},"author":2,"featured_media":0,"parent":0,"menu_order":0,"comment_status":"closed","ping_status":"closed","template":"","meta":{"site-sidebar-layout":"no-sidebar","site-content-layout":"","ast-site-content-layout":"full-width-container","site-content-style":"default","site-sidebar-style":"default","ast-global-header-display":"","ast-banner-title-visibility":"","ast-main-header-display":"","ast-hfb-above-header-display":"","ast-hfb-below-header-display":"","ast-hfb-mobile-header-display":"","site-post-title":"","ast-breadcrumbs-content":"","ast-featured-img":"disabled","footer-sml-layout":"","theme-transparent-header-meta":"","adv-header-id-meta":"","stick-header-meta":"","header-above-stick-meta":"","header-main-stick-meta":"","header-below-stick-meta":"","astra-migrate-meta-layouts":"default","ast-page-background-enabled":"default","ast-page-background-meta":{"desktop":{"background-color":"var(--ast-global-color-5)","background-image":"","background-repeat":"repeat","background-position":"center center","background-size":"auto","background-attachment":"scroll","background-type":"","background-media":"","overlay-type":"","overlay-color":"","overlay-opacity":"","overlay-gradient":""},"tablet":{"background-color":"","background-image":"","background-repeat":"repeat","background-position":"center center","background-size":"auto","background-attachment":"scroll","background-type":"","background-media":"","overlay-type":"","overlay-color":"","overlay-opacity":"","overlay-gradient":""},"mobile":{"background-color":"","background-image":"","background-repeat":"repeat","background-position":"center center","background-size":"auto","background-attachment":"scroll","background-type":"","background-media":"","overlay-type":"","overlay-color":"","overlay-opacity":"","overlay-gradient":""}},"ast-content-background-meta":{"desktop":{"background-color":"var(--ast-global-color-4)","background-image":"","background-repeat":"repeat","background-position":"center center","background-size":"auto","background-attachment":"scroll","background-type":"","background-media":"","overlay-type":"","overlay-color":"","overlay-opacity":"","overlay-gradient":""},"tablet":{"background-color":"var(--ast-global-color-4)","background-image":"","background-repeat":"repeat","background-position":"center center","background-size":"auto","background-attachment":"scroll","background-type":"","background-media":"","overlay-type":"","overlay-color":"","overlay-opacity":"","overlay-gradient":""},"mobile":{"background-color":"var(--ast-global-color-4)","background-image":"","background-repeat":"repeat","background-position":"center center","background-size":"auto","background-attachment":"scroll","background-type":"","background-media":"","overlay-type":"","overlay-color":"","overlay-opacity":"","overlay-gradient":""}},"footnotes":""},"class_list":["post-85","page","type-page","status-publish","hentry"],"_links":{"self":[{"href":"https:\/\/wp3.mystudentblog.com\/index.php?rest_route=\/wp\/v2\/pages\/85","targetHints":{"allow":["GET"]}}],"collection":[{"href":"https:\/\/wp3.mystudentblog.com\/index.php?rest_route=\/wp\/v2\/pages"}],"about":[{"href":"https:\/\/wp3.mystudentblog.com\/index.php?rest_route=\/wp\/v2\/types\/page"}],"author":[{"embeddable":true,"href":"https:\/\/wp3.mystudentblog.com\/index.php?rest_route=\/wp\/v2\/users\/2"}],"replies":[{"embeddable":true,"href":"https:\/\/wp3.mystudentblog.com\/index.php?rest_route=%2Fwp%2Fv2%2Fcomments&post=85"}],"version-history":[{"count":4,"href":"https:\/\/wp3.mystudentblog.com\/index.php?rest_route=\/wp\/v2\/pages\/85\/revisions"}],"predecessor-version":[{"id":106,"href":"https:\/\/wp3.mystudentblog.com\/index.php?rest_route=\/wp\/v2\/pages\/85\/revisions\/106"}],"wp:attachment":[{"href":"https:\/\/wp3.mystudentblog.com\/index.php?rest_route=%2Fwp%2Fv2%2Fmedia&parent=85"}],"curies":[{"name":"wp","href":"https:\/\/api.w.org\/{rel}","templated":true}]}}